{"id":883,"date":"2023-10-12T02:41:45","date_gmt":"2023-10-12T02:41:45","guid":{"rendered":"http:\/\/wp.ampibahia.com\/?page_id=883"},"modified":"2024-02-01T15:10:24","modified_gmt":"2024-02-01T15:10:24","slug":"agencias-afiliadas","status":"publish","type":"page","link":"https:\/\/wp.ampibahia.com\/en\/agencias-afiliadas\/","title":{"rendered":"Agencias Afiliadas"},"content":{"rendered":"\t\t<div data-elementor-type=\"wp-page\" data-elementor-id=\"883\" class=\"elementor elementor-883\">\n\t\t\t\t\t\t<section class=\"elementor-section elementor-top-section elementor-element elementor-element-97f1c83 elementor-section-full_width elementor-section-stretched elementor-section-height-default elementor-section-height-default\" data-id=\"97f1c83\" data-element_type=\"section\" data-e-type=\"section\" data-settings=\"{&quot;stretch_section&quot;:&quot;section-stretched&quot;}\">\n\t\t\t\t\t\t<div class=\"elementor-container elementor-column-gap-no\">\n\t\t\t\t\t<div class=\"elementor-column elementor-col-100 elementor-top-column elementor-element elementor-element-6d1eb89\" data-id=\"6d1eb89\" data-element_type=\"column\" data-e-type=\"column\">\n\t\t\t<div class=\"elementor-widget-wrap elementor-element-populated\">\n\t\t\t\t\t\t<div class=\"elementor-element elementor-element-0a4d2da elementor-widget elementor-widget-hero-banner\" data-id=\"0a4d2da\" data-element_type=\"widget\" data-e-type=\"widget\" data-widget_type=\"hero-banner.default\">\n\t\t\t\t<div class=\"elementor-widget-container\">\n\t\t\t\t\t\r\n\t\t\r\n            <script>\r\n                jQuery(document).ready(function($){\r\n                    $(\"[data-background]\").each(function () {\r\n                        $(this).css(\"background-image\", \"url(\" + $(this).attr(\"data-background\") + \")\")\r\n                    })\r\n                });\r\n            <\/script>\r\n\r\n            <!-- banner-area -->\r\n            <section class=\"banner-area-four banner-bg-three\" data-background=\"https:\/\/wp.ampibahia.com\/wp-content\/uploads\/2024\/02\/hero-2.jpg\">\r\n                <div class=\"container\">\r\n                    <div class=\"row justify-content-center\">\r\n                        <div class=\"col-xl-8\">\r\n                            <div class=\"banner-content text-center\">\r\n\r\n\r\n                                <h1 class=\"title wow fadeInUp\" data-wow-delay=\".2s\">\u00bfC\u00f3mo puedo afiliarme a AMPI?<\/h1>\r\n                                                                <p class=\"wow fadeInUp\" data-wow-delay=\".4s\">\r\n                                                                     <\/p>\r\n                                \r\n                                \r\n                            <\/div>\r\n                        <\/div>\r\n                    <\/div>\r\n                <\/div>\r\n\r\n                                <div class=\"banner-scroll-down\">\r\n                    <a href=\"javascript:void(0)\" data-target=\"#mission\" class=\"section-link\">\r\n                        <span><\/span>\r\n                        <span><\/span>\r\n                        <span><\/span>\r\n                    <\/a>\r\n                <\/div>\r\n                \r\n            <\/section>\r\n            <!-- banner-area-end -->\r\n\r\n\r\n        \r\n    \t\t\t\t<\/div>\n\t\t\t\t<\/div>\n\t\t\t\t\t<\/div>\n\t\t<\/div>\n\t\t\t\t\t<\/div>\n\t\t<\/section>\n\t\t<div class=\"elementor-element elementor-element-f236670 e-con-full e-flex e-con e-parent\" data-id=\"f236670\" data-element_type=\"container\" data-e-type=\"container\">\n\t\t<div class=\"elementor-element elementor-element-cd429bf e-con-full e-flex e-con e-child\" data-id=\"cd429bf\" data-element_type=\"container\" data-e-type=\"container\">\n\t\t\t\t<div class=\"elementor-element elementor-element-7f627e8 elementor-widget elementor-widget-image\" data-id=\"7f627e8\" data-element_type=\"widget\" data-e-type=\"widget\" data-widget_type=\"image.default\">\n\t\t\t\t<div class=\"elementor-widget-container\">\n\t\t\t\t\t\t\t\t\t\t\t\t\t\t\t<img fetchpriority=\"high\" decoding=\"async\" width=\"640\" height=\"427\" src=\"https:\/\/wp.ampibahia.com\/wp-content\/uploads\/2023\/10\/ccie-1024x683.webp\" class=\"attachment-large size-large wp-image-1783\" alt=\"\" srcset=\"https:\/\/wp.ampibahia.com\/wp-content\/uploads\/2023\/10\/ccie-1024x683.webp 1024w, https:\/\/wp.ampibahia.com\/wp-content\/uploads\/2023\/10\/ccie-300x200.webp 300w, https:\/\/wp.ampibahia.com\/wp-content\/uploads\/2023\/10\/ccie-768x512.webp 768w, https:\/\/wp.ampibahia.com\/wp-content\/uploads\/2023\/10\/ccie.webp 1200w\" sizes=\"(max-width: 640px) 100vw, 640px\" \/>\t\t\t\t\t\t\t\t\t\t\t\t\t\t\t<\/div>\n\t\t\t\t<\/div>\n\t\t\t\t<\/div>\n\t\t<div class=\"elementor-element elementor-element-16f45d4 e-con-full e-flex e-con e-child\" data-id=\"16f45d4\" data-element_type=\"container\" data-e-type=\"container\">\n\t\t\t\t<div class=\"elementor-element elementor-element-3ba2652 elementor-widget__width-inherit elementor-widget elementor-widget-heading\" data-id=\"3ba2652\" data-element_type=\"widget\" data-e-type=\"widget\" data-widget_type=\"heading.default\">\n\t\t\t\t<div class=\"elementor-widget-container\">\n\t\t\t\t\t<h2 class=\"elementor-heading-title elementor-size-default\">\u00bfC\u00f3mo puedo unirme a AMPI?\n<\/h2>\t\t\t\t<\/div>\n\t\t\t\t<\/div>\n\t\t\t\t<div class=\"elementor-element elementor-element-f3666ee elementor-widget elementor-widget-text-editor\" data-id=\"f3666ee\" data-element_type=\"widget\" data-e-type=\"widget\" data-settings=\"{&quot;_animation&quot;:&quot;none&quot;}\" data-widget_type=\"text-editor.default\">\n\t\t\t\t<div class=\"elementor-widget-container\">\n\t\t\t\t\t\t\t\t\t<p><span style=\"font-weight: 400;\">Encuentra tu secci\u00f3n correspondiente en el siguiente enlace: <a href=\"https:\/\/ampi.org\/#regiones\">https:\/\/ampi.org\/#regiones<\/a><\/span><\/p><p><span style=\"font-weight: 400;\">Despu\u00e9s, haz clic aqu\u00ed:<\/span><\/p>\t\t\t\t\t\t\t\t<\/div>\n\t\t\t\t<\/div>\n\t\t\t\t<div class=\"elementor-element elementor-element-ab08a19 elementor-button-info elementor-widget elementor-widget-button\" data-id=\"ab08a19\" data-element_type=\"widget\" data-e-type=\"widget\" data-widget_type=\"button.default\">\n\t\t\t\t<div class=\"elementor-widget-container\">\n\t\t\t\t\t\t\t\t\t<div class=\"elementor-button-wrapper\">\n\t\t\t\t\t<a class=\"elementor-button elementor-button-link elementor-size-xl\" href=\"https:\/\/wechamber.mx\/micrositio-membership\/64f9efc32968d4001b69e019\">\n\t\t\t\t\t\t<span class=\"elementor-button-content-wrapper\">\n\t\t\t\t\t\t\t\t\t<span class=\"elementor-button-text\">CONVERTIRME EN MIEMBRO<\/span>\n\t\t\t\t\t<\/span>\n\t\t\t\t\t<\/a>\n\t\t\t\t<\/div>\n\t\t\t\t\t\t\t\t<\/div>\n\t\t\t\t<\/div>\n\t\t\t\t<\/div>\n\t\t\t\t<\/div>\n\t\t<div class=\"elementor-element elementor-element-64a6bf9 e-flex e-con-boxed e-con e-child\" data-id=\"64a6bf9\" data-element_type=\"container\" data-e-type=\"container\" data-settings=\"{&quot;background_background&quot;:&quot;classic&quot;,&quot;animation&quot;:&quot;none&quot;}\">\n\t\t\t\t\t<div class=\"e-con-inner\">\n\t\t<div class=\"elementor-element elementor-element-5c7c0fd e-con-full e-flex elementor-invisible e-con e-child\" data-id=\"5c7c0fd\" data-element_type=\"container\" data-e-type=\"container\" data-settings=\"{&quot;animation&quot;:&quot;fadeInLeft&quot;}\">\n\t\t\t\t<div class=\"elementor-element elementor-element-a56cc37 elementor-widget__width-inherit elementor-widget elementor-widget-heading\" data-id=\"a56cc37\" data-element_type=\"widget\" data-e-type=\"widget\" data-widget_type=\"heading.default\">\n\t\t\t\t<div class=\"elementor-widget-container\">\n\t\t\t\t\t<h2 class=\"elementor-heading-title elementor-size-default\">REQUISITOS<\/h2>\t\t\t\t<\/div>\n\t\t\t\t<\/div>\n\t\t\t\t<div class=\"elementor-element elementor-element-8e3022d elementor-widget elementor-widget-text-editor\" data-id=\"8e3022d\" data-element_type=\"widget\" data-e-type=\"widget\" data-settings=\"{&quot;_animation&quot;:&quot;none&quot;}\" data-widget_type=\"text-editor.default\">\n\t\t\t\t<div class=\"elementor-widget-container\">\n\t\t\t\t\t\t\t\t\t<p><span style=\"font-weight: 400;\">El proceso de afiliaci\u00f3n es f\u00e1cil, con los siguientes requisitos:<\/span><\/p><p>\u00a0<\/p><ul><li style=\"font-weight: 400;\" aria-level=\"1\"><span style=\"font-weight: 400;\">Un a\u00f1o de experiencia en bienes ra\u00edces.<\/span><\/li><li style=\"font-weight: 400;\" aria-level=\"1\"><span style=\"font-weight: 400;\">Recomendaci\u00f3n de un miembro activo de AMPI (o solicitar una cita con el VP de Membres\u00eda de la Secci\u00f3n).<\/span><\/li><li style=\"font-weight: 400;\" aria-level=\"1\"><span style=\"font-weight: 400;\">Completa la solicitud de ingreso y hojas de datos.<\/span><\/li><li style=\"font-weight: 400;\" aria-level=\"1\"><span style=\"font-weight: 400;\">Proporciona dos fotos infantiles a color con fondo blanco.<\/span><\/li><li style=\"font-weight: 400;\" aria-level=\"1\"><span style=\"font-weight: 400;\">Comprobante de domicilio de la oficina.<\/span><\/li><li style=\"font-weight: 400;\" aria-level=\"1\"><span style=\"font-weight: 400;\">Copias de RFC, CURP y credencial de elector o pasaporte.<\/span><\/li><li style=\"font-weight: 400;\" aria-level=\"1\"><span style=\"font-weight: 400;\">Curriculum Vitae personal.<\/span><\/li><li style=\"font-weight: 400;\" aria-level=\"1\"><span style=\"font-weight: 400;\">Asistencia a la toma de protesta mensual y al curso de inducci\u00f3n.<\/span><\/li><li style=\"font-weight: 400;\" aria-level=\"1\"><span style=\"font-weight: 400;\">Logotipo de alta resoluci\u00f3n (JPG o PNG).<\/span><\/li><li style=\"font-weight: 400;\" aria-level=\"1\"><span style=\"font-weight: 400;\">Aseg\u00farate de leer el aviso de privacidad.<\/span><\/li><\/ul>\t\t\t\t\t\t\t\t<\/div>\n\t\t\t\t<\/div>\n\t\t\t\t<\/div>\n\t\t<div class=\"elementor-element elementor-element-e759ab9 e-con-full e-flex elementor-invisible e-con e-child\" data-id=\"e759ab9\" data-element_type=\"container\" data-e-type=\"container\" data-settings=\"{&quot;animation&quot;:&quot;fadeInRight&quot;}\">\n\t\t\t\t<div class=\"elementor-element elementor-element-7bf3de2 elementor-widget elementor-widget-image\" data-id=\"7bf3de2\" data-element_type=\"widget\" data-e-type=\"widget\" data-widget_type=\"image.default\">\n\t\t\t\t<div class=\"elementor-widget-container\">\n\t\t\t\t\t\t\t\t\t\t\t\t\t\t\t<img decoding=\"async\" src=\"https:\/\/wp.ampibahia.com\/wp-content\/uploads\/elementor\/thumbs\/Foto-de-posicion-qghf2869ddbaenvbal2i690kwljw0b1qpb8fle2ozc.png\" title=\"Foto de posicio\u0301n\" alt=\"Foto de posicio\u0301n\" loading=\"lazy\" \/>\t\t\t\t\t\t\t\t\t\t\t\t\t\t\t<\/div>\n\t\t\t\t<\/div>\n\t\t\t\t<\/div>\n\t\t\t\t\t<\/div>\n\t\t\t\t<\/div>\n\t\t<div class=\"elementor-element elementor-element-49f52d7 e-con-full e-flex e-con e-parent\" data-id=\"49f52d7\" data-element_type=\"container\" data-e-type=\"container\">\n\t\t<div class=\"elementor-element elementor-element-3de98f2 e-flex e-con-boxed e-con e-child\" data-id=\"3de98f2\" data-element_type=\"container\" data-e-type=\"container\">\n\t\t\t\t\t<div class=\"e-con-inner\">\n\t\t\t\t<div class=\"elementor-element elementor-element-53966e7 elementor-widget elementor-widget-image\" data-id=\"53966e7\" data-element_type=\"widget\" data-e-type=\"widget\" data-widget_type=\"image.default\">\n\t\t\t\t<div class=\"elementor-widget-container\">\n\t\t\t\t\t\t\t\t\t\t\t\t\t\t\t<img decoding=\"async\" width=\"300\" height=\"200\" src=\"https:\/\/wp.ampibahia.com\/wp-content\/uploads\/2023\/10\/ccie-300x200.webp\" class=\"attachment-medium size-medium wp-image-1783\" alt=\"\" srcset=\"https:\/\/wp.ampibahia.com\/wp-content\/uploads\/2023\/10\/ccie-300x200.webp 300w, https:\/\/wp.ampibahia.com\/wp-content\/uploads\/2023\/10\/ccie-1024x683.webp 1024w, https:\/\/wp.ampibahia.com\/wp-content\/uploads\/2023\/10\/ccie-768x512.webp 768w, https:\/\/wp.ampibahia.com\/wp-content\/uploads\/2023\/10\/ccie.webp 1200w\" sizes=\"(max-width: 300px) 100vw, 300px\" \/>\t\t\t\t\t\t\t\t\t\t\t\t\t\t\t<\/div>\n\t\t\t\t<\/div>\n\t\t\t\t<div class=\"elementor-element elementor-element-325b266 elementor-widget__width-inherit elementor-widget elementor-widget-heading\" data-id=\"325b266\" data-element_type=\"widget\" data-e-type=\"widget\" data-widget_type=\"heading.default\">\n\t\t\t\t<div class=\"elementor-widget-container\">\n\t\t\t\t\t<h2 class=\"elementor-heading-title elementor-size-default\">AMPI CABO BAH\u00cdA SUR<\/h2>\t\t\t\t<\/div>\n\t\t\t\t<\/div>\n\t\t\t\t<div class=\"elementor-element elementor-element-3bce849 elementor-widget__width-inherit elementor-widget elementor-widget-heading\" data-id=\"3bce849\" data-element_type=\"widget\" data-e-type=\"widget\" data-widget_type=\"heading.default\">\n\t\t\t\t<div class=\"elementor-widget-container\">\n\t\t\t\t\t<h3 class=\"elementor-heading-title elementor-size-default\">afiliacion@ampibahia.com<\/h3>\t\t\t\t<\/div>\n\t\t\t\t<\/div>\n\t\t<div class=\"elementor-element elementor-element-e985d99 e-con-full e-flex e-con e-child\" data-id=\"e985d99\" data-element_type=\"container\" data-e-type=\"container\">\n\t\t\t\t<div class=\"elementor-element elementor-element-1ef969a elementor-view-stacked elementor-shape-circle elementor-widget elementor-widget-icon\" data-id=\"1ef969a\" data-element_type=\"widget\" data-e-type=\"widget\" data-widget_type=\"icon.default\">\n\t\t\t\t<div class=\"elementor-widget-container\">\n\t\t\t\t\t\t\t<div class=\"elementor-icon-wrapper\">\n\t\t\t<a class=\"elementor-icon elementor-animation-grow\" href=\"http:\/\/www.facebook.com\/ampicabobahiasur\">\n\t\t\t<i aria-hidden=\"true\" class=\"fab fa-facebook-f\"><\/i>\t\t\t<\/a>\n\t\t<\/div>\n\t\t\t\t\t\t<\/div>\n\t\t\t\t<\/div>\n\t\t\t\t<div class=\"elementor-element elementor-element-2ff4ca6 elementor-view-stacked elementor-shape-circle elementor-widget elementor-widget-icon\" data-id=\"2ff4ca6\" data-element_type=\"widget\" data-e-type=\"widget\" data-widget_type=\"icon.default\">\n\t\t\t\t<div class=\"elementor-widget-container\">\n\t\t\t\t\t\t\t<div class=\"elementor-icon-wrapper\">\n\t\t\t<a class=\"elementor-icon elementor-animation-grow\" href=\"https:\/\/www.instagram.com\/ampi_bahia_sur\/\">\n\t\t\t<i aria-hidden=\"true\" class=\"fab fa-instagram\"><\/i>\t\t\t<\/a>\n\t\t<\/div>\n\t\t\t\t\t\t<\/div>\n\t\t\t\t<\/div>\n\t\t\t\t<div class=\"elementor-element elementor-element-d587a8d elementor-view-stacked elementor-shape-circle elementor-widget elementor-widget-icon\" data-id=\"d587a8d\" data-element_type=\"widget\" data-e-type=\"widget\" data-widget_type=\"icon.default\">\n\t\t\t\t<div class=\"elementor-widget-container\">\n\t\t\t\t\t\t\t<div class=\"elementor-icon-wrapper\">\n\t\t\t<a class=\"elementor-icon elementor-animation-grow\" href=\"https:\/\/www.tiktok.com\/@ampicabobahiasur\">\n\t\t\t<i aria-hidden=\"true\" class=\"fab fa-tiktok\"><\/i>\t\t\t<\/a>\n\t\t<\/div>\n\t\t\t\t\t\t<\/div>\n\t\t\t\t<\/div>\n\t\t\t\t<div class=\"elementor-element elementor-element-7adaf44 elementor-view-stacked elementor-shape-circle elementor-widget elementor-widget-icon\" data-id=\"7adaf44\" data-element_type=\"widget\" data-e-type=\"widget\" data-widget_type=\"icon.default\">\n\t\t\t\t<div class=\"elementor-widget-container\">\n\t\t\t\t\t\t\t<div class=\"elementor-icon-wrapper\">\n\t\t\t<a class=\"elementor-icon elementor-animation-grow\" href=\"https:\/\/www.youtube.com\/channel\/UCqUGSOa2Ire_SKovfSVNI5A\">\n\t\t\t<i aria-hidden=\"true\" class=\"fab fa-youtube\"><\/i>\t\t\t<\/a>\n\t\t<\/div>\n\t\t\t\t\t\t<\/div>\n\t\t\t\t<\/div>\n\t\t\t\t<\/div>\n\t\t\t\t\t<\/div>\n\t\t\t\t<\/div>\n\t\t\t\t<\/div>\n\t\t\t\t<section class=\"elementor-section elementor-top-section elementor-element elementor-element-66a2af3 elementor-section-full_width elementor-section-stretched elementor-section-height-default elementor-section-height-default\" data-id=\"66a2af3\" data-element_type=\"section\" data-e-type=\"section\" data-settings=\"{&quot;stretch_section&quot;:&quot;section-stretched&quot;}\">\n\t\t\t\t\t\t<div class=\"elementor-container elementor-column-gap-no\">\n\t\t\t\t\t<div class=\"elementor-column elementor-col-100 elementor-top-column elementor-element elementor-element-d5353c0 elementor-hidden-mobile\" data-id=\"d5353c0\" data-element_type=\"column\" data-e-type=\"column\">\n\t\t\t<div class=\"elementor-widget-wrap elementor-element-populated\">\n\t\t\t\t\t\t<div class=\"elementor-element elementor-element-ce8136f elementor-widget elementor-widget-brand\" data-id=\"ce8136f\" data-element_type=\"widget\" data-e-type=\"widget\" data-widget_type=\"brand.default\">\n\t\t\t\t<div class=\"elementor-widget-container\">\n\t\t\t\t\t\r\n        <script>\r\n            jQuery(document).ready(function($){\r\n                \/*===========================================\r\n                    =    \t\tBrand Active\t\t      =\r\n                =============================================*\/\r\n                $('.brand-active').slick({\r\n                    dots: false,\r\n                    infinite: true,\r\n                    speed: 500,\r\n                    autoplay: true,\r\n                    arrows: false,\r\n                    rtl: false,\r\n                    slidesToShow: 6,\r\n                    slidesToScroll: 2,\r\n                    responsive: [\r\n                        {\r\n                            breakpoint: 1200,\r\n                            settings: {\r\n                                slidesToShow: 5,\r\n                                slidesToScroll: 1,\r\n                                infinite: true,\r\n                            }\r\n                        },\r\n                        {\r\n                            breakpoint: 992,\r\n                            settings: {\r\n                                slidesToShow: 4,\r\n                                slidesToScroll: 1\r\n                            }\r\n                        },\r\n                        {\r\n                            breakpoint: 767,\r\n                            settings: {\r\n                                slidesToShow: 3,\r\n                                slidesToScroll: 1,\r\n                                arrows: false,\r\n                            }\r\n                        },\r\n                        {\r\n                            breakpoint: 575,\r\n                            settings: {\r\n                                slidesToShow: 2,\r\n                                slidesToScroll: 1,\r\n                                arrows: false,\r\n                            }\r\n                        },\r\n                    ]\r\n                });\r\n            });\r\n        <\/script>\r\n\r\n        <!-- brand-area -->\r\n        <div class=\"brand-area\">\r\n            <div class=\"container\">\r\n                <div class=\"row\">\r\n                    <div class=\"col-12\">\r\n                                            <\/div>\r\n                <\/div>\r\n                <div class=\"row brand-active\">\r\n                                        <div class=\"col-12\">\r\n                        <div class=\"brand-item\">\r\n                                                            <a href=\"#\"><img decoding=\"async\" src=\"https:\/\/wp.ampibahia.com\/wp-content\/uploads\/2023\/10\/PV-Properties-Afiliada-1.png\" alt=\"\"><\/a>\r\n                                                    <\/div>\r\n                    <\/div>\r\n                                        <div class=\"col-12\">\r\n                        <div class=\"brand-item\">\r\n                                                            <a href=\"#\"><img decoding=\"async\" src=\"https:\/\/wp.ampibahia.com\/wp-content\/uploads\/2023\/10\/FP-Bienes-Afiliada-1.png\" alt=\"\"><\/a>\r\n                                                    <\/div>\r\n                    <\/div>\r\n                                        <div class=\"col-12\">\r\n                        <div class=\"brand-item\">\r\n                                                            <a href=\"#\"><img decoding=\"async\" src=\"https:\/\/wp.ampibahia.com\/wp-content\/uploads\/2023\/10\/Mexaland-Afiliada-1.png\" alt=\"\"><\/a>\r\n                                                    <\/div>\r\n                    <\/div>\r\n                                        <div class=\"col-12\">\r\n                        <div class=\"brand-item\">\r\n                                                            <a href=\"#\"><img decoding=\"async\" src=\"https:\/\/wp.ampibahia.com\/wp-content\/uploads\/2023\/10\/Bonanza-Afiliada-2.png\" alt=\"\"><\/a>\r\n                                                    <\/div>\r\n                    <\/div>\r\n                                        <div class=\"col-12\">\r\n                        <div class=\"brand-item\">\r\n                                                            <a href=\"#\"><img decoding=\"async\" src=\"https:\/\/wp.ampibahia.com\/wp-content\/uploads\/2023\/10\/Ivanca-Afiliada-2.png\" alt=\"\"><\/a>\r\n                                                    <\/div>\r\n                    <\/div>\r\n                                        <div class=\"col-12\">\r\n                        <div class=\"brand-item\">\r\n                                                            <a href=\"#\"><img decoding=\"async\" src=\"https:\/\/wp.ampibahia.com\/wp-content\/uploads\/2023\/10\/Trends-Afiliada-2.png\" alt=\"\"><\/a>\r\n                                                    <\/div>\r\n                    <\/div>\r\n                                        <div class=\"col-12\">\r\n                        <div class=\"brand-item\">\r\n                                                            <a href=\"#\"><img decoding=\"async\" src=\"https:\/\/wp.ampibahia.com\/wp-content\/uploads\/2024\/01\/MC_Realty.png\" alt=\"\"><\/a>\r\n                                                    <\/div>\r\n                    <\/div>\r\n                                    <\/div>\r\n            <\/div>\r\n        <\/div>\r\n        <!-- brand-area-end -->\r\n\r\n\t\t\t\t\t<\/div>\n\t\t\t\t<\/div>\n\t\t\t\t\t<\/div>\n\t\t<\/div>\n\t\t\t\t\t<\/div>\n\t\t<\/section>\n\t\t\t\t<\/div>\n\t\t","protected":false},"excerpt":{"rendered":"<p>\u00bfC\u00f3mo puedo afiliarme a AMPI? \u00bfC\u00f3mo puedo unirme a AMPI? Encuentra tu secci\u00f3n correspondiente en el siguiente enlace: https:\/\/ampi.org\/#regiones Despu\u00e9s, haz clic aqu\u00ed: CONVERTIRME EN MIEMBRO REQUISITOS El proceso de afiliaci\u00f3n es f\u00e1cil, con los siguientes requisitos: \u00a0 Un a\u00f1o de experiencia en bienes ra\u00edces. Recomendaci\u00f3n de un miembro activo de AMPI (o solicitar una [&hellip;]<\/p>\n","protected":false},"author":2,"featured_media":0,"parent":0,"menu_order":0,"comment_status":"closed","ping_status":"closed","template":"","meta":{"footnotes":""},"class_list":["post-883","page","type-page","status-publish","hentry"],"_links":{"self":[{"href":"https:\/\/wp.ampibahia.com\/en\/wp-json\/wp\/v2\/pages\/883","targetHints":{"allow":["GET"]}}],"collection":[{"href":"https:\/\/wp.ampibahia.com\/en\/wp-json\/wp\/v2\/pages"}],"about":[{"href":"https:\/\/wp.ampibahia.com\/en\/wp-json\/wp\/v2\/types\/page"}],"author":[{"embeddable":true,"href":"https:\/\/wp.ampibahia.com\/en\/wp-json\/wp\/v2\/users\/2"}],"replies":[{"embeddable":true,"href":"https:\/\/wp.ampibahia.com\/en\/wp-json\/wp\/v2\/comments?post=883"}],"version-history":[{"count":18,"href":"https:\/\/wp.ampibahia.com\/en\/wp-json\/wp\/v2\/pages\/883\/revisions"}],"predecessor-version":[{"id":2853,"href":"https:\/\/wp.ampibahia.com\/en\/wp-json\/wp\/v2\/pages\/883\/revisions\/2853"}],"wp:attachment":[{"href":"https:\/\/wp.ampibahia.com\/en\/wp-json\/wp\/v2\/media?parent=883"}],"curies":[{"name":"wp","href":"https:\/\/api.w.org\/{rel}","templated":true}]}}