{"id":2724,"date":"2024-01-16T18:56:52","date_gmt":"2024-01-16T18:56:52","guid":{"rendered":"https:\/\/wp.ampibahia.com\/?page_id=2724"},"modified":"2024-01-16T19:34:14","modified_gmt":"2024-01-16T19:34:14","slug":"blog","status":"publish","type":"page","link":"https:\/\/wp.ampibahia.com\/en\/blog\/","title":{"rendered":"BLOG"},"content":{"rendered":"\t\t<div data-elementor-type=\"wp-page\" data-elementor-id=\"2724\" class=\"elementor elementor-2724\">\n\t\t\t\t\t\t<section class=\"elementor-section elementor-top-section elementor-element elementor-element-5c68eb3 elementor-section-full_width elementor-section-height-default elementor-section-height-default\" data-id=\"5c68eb3\" data-element_type=\"section\" data-e-type=\"section\">\n\t\t\t\t\t\t<div class=\"elementor-container elementor-column-gap-no\">\n\t\t\t\t\t<div class=\"elementor-column elementor-col-100 elementor-top-column elementor-element elementor-element-9fcf06f\" data-id=\"9fcf06f\" data-element_type=\"column\" data-e-type=\"column\">\n\t\t\t<div class=\"elementor-widget-wrap elementor-element-populated\">\n\t\t\t\t\t\t<div class=\"elementor-element elementor-element-265523c elementor-widget elementor-widget-hero-banner\" data-id=\"265523c\" data-element_type=\"widget\" data-e-type=\"widget\" data-widget_type=\"hero-banner.default\">\n\t\t\t\t<div class=\"elementor-widget-container\">\n\t\t\t\t\t\r\n\t\t\r\n            <script>\r\n                jQuery(document).ready(function($){\r\n                    $(\"[data-background]\").each(function () {\r\n                        $(this).css(\"background-image\", \"url(\" + $(this).attr(\"data-background\") + \")\")\r\n                    })\r\n                });\r\n            <\/script>\r\n\r\n            <!-- banner-area -->\r\n            <section class=\"banner-area-four banner-bg-three\" data-background=\"https:\/\/wp.ampibahia.com\/wp-content\/uploads\/2023\/10\/Internacional.webp\">\r\n                <div class=\"container\">\r\n                    <div class=\"row justify-content-center\">\r\n                        <div class=\"col-xl-8\">\r\n                            <div class=\"banner-content text-center\">\r\n\r\n\r\n                                <h1 class=\"title wow fadeInUp\" data-wow-delay=\".2s\">La comunicaci\u00f3n no solo es hablar, <\/h1>\r\n                                                                <p class=\"wow fadeInUp\" data-wow-delay=\".4s\">\r\n                                    Tambi\u00e9n es escuchar y comprender                                <\/p>\r\n                                \r\n                                \r\n                            <\/div>\r\n                        <\/div>\r\n                    <\/div>\r\n                <\/div>\r\n\r\n                                <div class=\"banner-scroll-down\">\r\n                    <a href=\"javascript:void(0)\" data-target=\"#mission\" class=\"section-link\">\r\n                        <span><\/span>\r\n                        <span><\/span>\r\n                        <span><\/span>\r\n                    <\/a>\r\n                <\/div>\r\n                \r\n            <\/section>\r\n            <!-- banner-area-end -->\r\n\r\n\r\n        \r\n    \t\t\t\t<\/div>\n\t\t\t\t<\/div>\n\t\t\t\t\t<\/div>\n\t\t<\/div>\n\t\t\t\t\t<\/div>\n\t\t<\/section>\n\t\t\t\t<section class=\"elementor-section elementor-top-section elementor-element elementor-element-1b4d361 elementor-section-full_width elementor-section-height-default elementor-section-height-default\" data-id=\"1b4d361\" data-element_type=\"section\" data-e-type=\"section\" data-settings=\"{&quot;background_background&quot;:&quot;classic&quot;}\">\n\t\t\t\t\t\t<div class=\"elementor-container elementor-column-gap-no\">\n\t\t\t\t\t<div class=\"elementor-column elementor-col-100 elementor-top-column elementor-element elementor-element-4238156\" data-id=\"4238156\" data-element_type=\"column\" data-e-type=\"column\">\n\t\t\t<div class=\"elementor-widget-wrap elementor-element-populated\">\n\t\t\t\t\t\t<div class=\"elementor-element elementor-element-ce85e60 elementor-widget__width-initial elementor-widget-tablet__width-initial elementor-widget-mobile__width-initial elementor-widget elementor-widget-heading\" data-id=\"ce85e60\" data-element_type=\"widget\" data-e-type=\"widget\" data-widget_type=\"heading.default\">\n\t\t\t\t<div class=\"elementor-widget-container\">\n\t\t\t\t\t<h2 class=\"elementor-heading-title elementor-size-default\">Echa un vistazo a nuestra revista y a los comunicados oficiales de AMPI aqu\u00ed.\n<\/h2>\t\t\t\t<\/div>\n\t\t\t\t<\/div>\n\t\t<div class=\"elementor-element elementor-element-3baeed6 e-flex e-con-boxed e-con e-parent\" data-id=\"3baeed6\" data-element_type=\"container\" data-e-type=\"container\">\n\t\t\t\t\t<div class=\"e-con-inner\">\n\t\t<div class=\"elementor-element elementor-element-31f256b e-flex e-con-boxed e-con e-child\" data-id=\"31f256b\" data-element_type=\"container\" data-e-type=\"container\">\n\t\t\t\t\t<div class=\"e-con-inner\">\n\t\t\t\t<div class=\"elementor-element elementor-element-8dc30f0 elementor-button-info elementor-align-center elementor-widget__width-inherit animated-fast elementor-invisible elementor-widget elementor-widget-button\" data-id=\"8dc30f0\" data-element_type=\"widget\" data-e-type=\"widget\" data-settings=\"{&quot;_animation&quot;:&quot;fadeIn&quot;}\" data-widget_type=\"button.default\">\n\t\t\t\t<div class=\"elementor-widget-container\">\n\t\t\t\t\t\t\t\t\t<div class=\"elementor-button-wrapper\">\n\t\t\t\t\t<a class=\"elementor-button elementor-button-link elementor-size-xl\" href=\"https:\/\/ampi.org\/archivo-de-revista-ampi\/\" target=\"_blank\">\n\t\t\t\t\t\t<span class=\"elementor-button-content-wrapper\">\n\t\t\t\t\t\t\t\t\t<span class=\"elementor-button-text\">Revista AMPI <\/span>\n\t\t\t\t\t<\/span>\n\t\t\t\t\t<\/a>\n\t\t\t\t<\/div>\n\t\t\t\t\t\t\t\t<\/div>\n\t\t\t\t<\/div>\n\t\t\t\t\t<\/div>\n\t\t\t\t<\/div>\n\t\t<div class=\"elementor-element elementor-element-d1c09ed e-flex e-con-boxed e-con e-child\" data-id=\"d1c09ed\" data-element_type=\"container\" data-e-type=\"container\">\n\t\t\t\t\t<div class=\"e-con-inner\">\n\t\t\t\t<div class=\"elementor-element elementor-element-3fd8fcc elementor-button-info elementor-align-center elementor-widget__width-inherit animated-fast elementor-invisible elementor-widget elementor-widget-button\" data-id=\"3fd8fcc\" data-element_type=\"widget\" data-e-type=\"widget\" data-settings=\"{&quot;_animation&quot;:&quot;fadeIn&quot;}\" data-widget_type=\"button.default\">\n\t\t\t\t<div class=\"elementor-widget-container\">\n\t\t\t\t\t\t\t\t\t<div class=\"elementor-button-wrapper\">\n\t\t\t\t\t<a class=\"elementor-button elementor-button-link elementor-size-xl\" href=\"https:\/\/ampi.org\/archivo-de-comunicados\" target=\"_blank\">\n\t\t\t\t\t\t<span class=\"elementor-button-content-wrapper\">\n\t\t\t\t\t\t\t\t\t<span class=\"elementor-button-text\">Comunicados AMPI<\/span>\n\t\t\t\t\t<\/span>\n\t\t\t\t\t<\/a>\n\t\t\t\t<\/div>\n\t\t\t\t\t\t\t\t<\/div>\n\t\t\t\t<\/div>\n\t\t\t\t\t<\/div>\n\t\t\t\t<\/div>\n\t\t<div class=\"elementor-element elementor-element-66c3171 e-flex e-con-boxed e-con e-child\" data-id=\"66c3171\" data-element_type=\"container\" data-e-type=\"container\">\n\t\t\t\t\t<div class=\"e-con-inner\">\n\t\t\t\t<div class=\"elementor-element elementor-element-5738b41 elementor-button-info elementor-align-center elementor-widget__width-inherit animated-fast elementor-invisible elementor-widget elementor-widget-button\" data-id=\"5738b41\" data-element_type=\"widget\" data-e-type=\"widget\" data-settings=\"{&quot;_animation&quot;:&quot;fadeIn&quot;}\" data-widget_type=\"button.default\">\n\t\t\t\t<div class=\"elementor-widget-container\">\n\t\t\t\t\t\t\t\t\t<div class=\"elementor-button-wrapper\">\n\t\t\t\t\t<a class=\"elementor-button elementor-button-link elementor-size-xl\" href=\"https:\/\/ampi.org\/blog-es\" target=\"_blank\">\n\t\t\t\t\t\t<span class=\"elementor-button-content-wrapper\">\n\t\t\t\t\t\t\t\t\t<span class=\"elementor-button-text\">Ver todas las notas<\/span>\n\t\t\t\t\t<\/span>\n\t\t\t\t\t<\/a>\n\t\t\t\t<\/div>\n\t\t\t\t\t\t\t\t<\/div>\n\t\t\t\t<\/div>\n\t\t\t\t\t<\/div>\n\t\t\t\t<\/div>\n\t\t\t\t\t<\/div>\n\t\t\t\t<\/div>\n\t\t\t\t\t<\/div>\n\t\t<\/div>\n\t\t\t\t\t<\/div>\n\t\t<\/section>\n\t\t\t\t<\/div>\n\t\t","protected":false},"excerpt":{"rendered":"<p>La comunicaci\u00f3n no solo es hablar, Tambi\u00e9n es escuchar y comprender Echa un vistazo a nuestra revista y a los comunicados oficiales de AMPI aqu\u00ed. Revista AMPI Comunicados AMPI Ver todas las notas<\/p>","protected":false},"author":2,"featured_media":0,"parent":0,"menu_order":0,"comment_status":"closed","ping_status":"closed","template":"elementor_header_footer","meta":{"footnotes":""},"class_list":["post-2724","page","type-page","status-publish","hentry"],"_links":{"self":[{"href":"https:\/\/wp.ampibahia.com\/en\/wp-json\/wp\/v2\/pages\/2724","targetHints":{"allow":["GET"]}}],"collection":[{"href":"https:\/\/wp.ampibahia.com\/en\/wp-json\/wp\/v2\/pages"}],"about":[{"href":"https:\/\/wp.ampibahia.com\/en\/wp-json\/wp\/v2\/types\/page"}],"author":[{"embeddable":true,"href":"https:\/\/wp.ampibahia.com\/en\/wp-json\/wp\/v2\/users\/2"}],"replies":[{"embeddable":true,"href":"https:\/\/wp.ampibahia.com\/en\/wp-json\/wp\/v2\/comments?post=2724"}],"version-history":[{"count":15,"href":"https:\/\/wp.ampibahia.com\/en\/wp-json\/wp\/v2\/pages\/2724\/revisions"}],"predecessor-version":[{"id":2801,"href":"https:\/\/wp.ampibahia.com\/en\/wp-json\/wp\/v2\/pages\/2724\/revisions\/2801"}],"wp:attachment":[{"href":"https:\/\/wp.ampibahia.com\/en\/wp-json\/wp\/v2\/media?parent=2724"}],"curies":[{"name":"wp","href":"https:\/\/api.w.org\/{rel}","templated":true}]}}